{"id":648,"date":"2026-02-07T22:00:30","date_gmt":"2026-02-07T22:00:30","guid":{"rendered":"https:\/\/wayratrip.mohamedmokhtar.net\/?page_id=648"},"modified":"2026-02-28T17:21:50","modified_gmt":"2026-02-28T17:21:50","slug":"trips","status":"publish","type":"page","link":"https:\/\/goldenegypttrips.mohamedmokhtar.net\/de\/trips\/","title":{"rendered":"Ausfl\u00fcge"},"content":{"rendered":"<div data-elementor-type=\"wp-page\" data-elementor-id=\"648\" class=\"elementor elementor-648\" data-elementor-post-type=\"page\">\n\t\t\t\t\t\t<section class=\"elementor-section elementor-top-section elementor-element elementor-element-33b3f2a4 ct-section-stretched elementor-section-boxed elementor-section-height-default elementor-section-height-default\" data-id=\"33b3f2a4\" data-element_type=\"section\" data-e-type=\"section\" data-settings=\"{&quot;background_background&quot;:&quot;classic&quot;}\">\n\t\t\t\t\t\t\t<div class=\"elementor-background-overlay\"><\/div>\n\t\t\t\t\t\t\t<div class=\"elementor-container elementor-column-gap-default\">\n\t\t\t\t\t<div class=\"elementor-column elementor-col-100 elementor-top-column elementor-element elementor-element-1fbdba45\" data-id=\"1fbdba45\" data-element_type=\"column\" data-e-type=\"column\">\n\t\t\t<div class=\"elementor-widget-wrap elementor-element-populated\">\n\t\t\t\t\t\t<div class=\"elementor-element elementor-element-28a7cbb0 elementor-widget elementor-widget-heading\" data-id=\"28a7cbb0\" data-element_type=\"widget\" data-e-type=\"widget\" data-widget_type=\"heading.default\">\n\t\t\t\t\t<h2 class=\"elementor-heading-title elementor-size-default\">Unsere Reisen<\/h2>\t\t\t\t<\/div>\n\t\t\t\t<div class=\"elementor-element elementor-element-7aa3a474 elementor-widget__width-initial elementor-widget-tablet__width-inherit elementor-widget elementor-widget-text-editor\" data-id=\"7aa3a474\" data-element_type=\"widget\" data-e-type=\"widget\" data-widget_type=\"text-editor.default\">\n\t\t\t\t\t\t\t\t\t<p>Professionelle F\u00fchrer. Unber\u00fchrte Tauchpl\u00e4tze. Kleine Gruppen. S\u00e4mtliche Ausr\u00fcstung inklusive.<\/p>\t\t\t\t\t\t\t\t<\/div>\n\t\t\t\t\t<\/div>\n\t\t<\/div>\n\t\t\t\t\t<\/div>\n\t\t<\/section>\n\t\t<div class=\"elementor-element elementor-element-75b0012a e-con-full e-flex e-con e-parent\" data-id=\"75b0012a\" data-element_type=\"container\" data-e-type=\"container\">\n\t\t<div class=\"elementor-element elementor-element-70bbc771 e-con-full e-flex e-con e-child\" data-id=\"70bbc771\" data-element_type=\"container\" data-e-type=\"container\">\n\t\t<div class=\"elementor-element elementor-element-4f85cb34 e-con-full e-flex e-con e-child\" data-id=\"4f85cb34\" data-element_type=\"container\" data-e-type=\"container\">\n\t\t\t\t<div class=\"elementor-element elementor-element-457b3ff7 elementor-widget elementor-widget-image\" data-id=\"457b3ff7\" data-element_type=\"widget\" data-e-type=\"widget\" data-widget_type=\"image.default\">\n\t\t\t\t\t\t\t\t\t\t\t\t\t\t\t<img fetchpriority=\"high\" decoding=\"async\" width=\"740\" height=\"493\" src=\"https:\/\/goldenegypttrips.mohamedmokhtar.net\/wp-content\/uploads\/2026\/02\/slightly-side-view-pyramids-great-sphinx-egypt-with-blue-sky-background-pho_1108670-5675.jpg\" class=\"attachment-full size-full wp-image-1565\" alt=\"\" srcset=\"https:\/\/goldenegypttrips.mohamedmokhtar.net\/wp-content\/uploads\/2026\/02\/slightly-side-view-pyramids-great-sphinx-egypt-with-blue-sky-background-pho_1108670-5675.jpg 740w, https:\/\/goldenegypttrips.mohamedmokhtar.net\/wp-content\/uploads\/2026\/02\/slightly-side-view-pyramids-great-sphinx-egypt-with-blue-sky-background-pho_1108670-5675-300x200.jpg 300w, https:\/\/goldenegypttrips.mohamedmokhtar.net\/wp-content\/uploads\/2026\/02\/slightly-side-view-pyramids-great-sphinx-egypt-with-blue-sky-background-pho_1108670-5675-18x12.jpg 18w\" sizes=\"(max-width: 740px) 100vw, 740px\" \/>\t\t\t\t\t\t\t\t\t\t\t\t\t\t\t<\/div>\n\t\t\t\t<div class=\"elementor-element elementor-element-614bcc93 elementor-invisible elementor-widget elementor-widget-image-box\" data-id=\"614bcc93\" data-element_type=\"widget\" data-e-type=\"widget\" data-settings=\"{&quot;_animation&quot;:&quot;fadeInDown&quot;}\" data-widget_type=\"image-box.default\">\n\t\t\t\t\t<div class=\"elementor-image-box-wrapper\"><div class=\"elementor-image-box-content\"><h4 class=\"elementor-image-box-title\"><a href=\"\/de\/the-pyramids-and-the-sphinx\/\">the pyramids and the sphinx<\/a><\/h4><\/div><\/div>\t\t\t\t<\/div>\n\t\t\t\t<\/div>\n\t\t<div class=\"elementor-element elementor-element-d3db78f e-con-full e-flex e-con e-child\" data-id=\"d3db78f\" data-element_type=\"container\" data-e-type=\"container\">\n\t\t\t\t<div class=\"elementor-element elementor-element-2d32fa54 elementor-widget elementor-widget-image\" data-id=\"2d32fa54\" data-element_type=\"widget\" data-e-type=\"widget\" data-widget_type=\"image.default\">\n\t\t\t\t\t\t\t\t\t\t\t\t\t\t\t<img decoding=\"async\" width=\"900\" height=\"563\" src=\"https:\/\/goldenegypttrips.mohamedmokhtar.net\/wp-content\/uploads\/2026\/02\/b128495488af842fa92f5f6e42e4ec15-28558-cairo-cairo-tutankhamun-exhibition-grand-egyptian-museum-08.avif\" class=\"attachment-full size-full wp-image-1574\" alt=\"\" srcset=\"https:\/\/goldenegypttrips.mohamedmokhtar.net\/wp-content\/uploads\/2026\/02\/b128495488af842fa92f5f6e42e4ec15-28558-cairo-cairo-tutankhamun-exhibition-grand-egyptian-museum-08.avif 900w, https:\/\/goldenegypttrips.mohamedmokhtar.net\/wp-content\/uploads\/2026\/02\/b128495488af842fa92f5f6e42e4ec15-28558-cairo-cairo-tutankhamun-exhibition-grand-egyptian-museum-08-300x188.avif 300w, https:\/\/goldenegypttrips.mohamedmokhtar.net\/wp-content\/uploads\/2026\/02\/b128495488af842fa92f5f6e42e4ec15-28558-cairo-cairo-tutankhamun-exhibition-grand-egyptian-museum-08-768x480.avif 768w, https:\/\/goldenegypttrips.mohamedmokhtar.net\/wp-content\/uploads\/2026\/02\/b128495488af842fa92f5f6e42e4ec15-28558-cairo-cairo-tutankhamun-exhibition-grand-egyptian-museum-08-18x12.avif 18w\" sizes=\"(max-width: 900px) 100vw, 900px\" \/>\t\t\t\t\t\t\t\t\t\t\t\t\t\t\t<\/div>\n\t\t\t\t<div class=\"elementor-element elementor-element-1c8820dc elementor-invisible elementor-widget elementor-widget-image-box\" data-id=\"1c8820dc\" data-element_type=\"widget\" data-e-type=\"widget\" data-settings=\"{&quot;_animation&quot;:&quot;fadeInDown&quot;}\" data-widget_type=\"image-box.default\">\n\t\t\t\t\t<div class=\"elementor-image-box-wrapper\"><div class=\"elementor-image-box-content\"><h4 class=\"elementor-image-box-title\"><a href=\"\/de\/egyptian-museum\/\">Egyptian museum<\/a><\/h4><\/div><\/div>\t\t\t\t<\/div>\n\t\t\t\t<\/div>\n\t\t\t\t<\/div>\n\t\t\t\t<\/div>\n\t\t<div class=\"elementor-element elementor-element-85e6b3a e-con-full e-flex e-con e-parent\" data-id=\"85e6b3a\" data-element_type=\"container\" data-e-type=\"container\">\n\t\t<div class=\"elementor-element elementor-element-9053078 e-con-full e-flex e-con e-child\" data-id=\"9053078\" data-element_type=\"container\" data-e-type=\"container\">\n\t\t<div class=\"elementor-element elementor-element-b53d756 e-con-full e-flex e-con e-child\" data-id=\"b53d756\" data-element_type=\"container\" data-e-type=\"container\">\n\t\t\t\t<div class=\"elementor-element elementor-element-78a34d7 elementor-widget elementor-widget-image\" data-id=\"78a34d7\" data-element_type=\"widget\" data-e-type=\"widget\" data-widget_type=\"image.default\">\n\t\t\t\t\t\t\t\t\t\t\t\t\t\t\t<img decoding=\"async\" width=\"872\" height=\"500\" src=\"https:\/\/goldenegypttrips.mohamedmokhtar.net\/wp-content\/uploads\/2026\/02\/khan-khalili.webp\" class=\"attachment-full size-full wp-image-1576\" alt=\"\" srcset=\"https:\/\/goldenegypttrips.mohamedmokhtar.net\/wp-content\/uploads\/2026\/02\/khan-khalili.webp 872w, https:\/\/goldenegypttrips.mohamedmokhtar.net\/wp-content\/uploads\/2026\/02\/khan-khalili-300x172.webp 300w, https:\/\/goldenegypttrips.mohamedmokhtar.net\/wp-content\/uploads\/2026\/02\/khan-khalili-768x440.webp 768w, https:\/\/goldenegypttrips.mohamedmokhtar.net\/wp-content\/uploads\/2026\/02\/khan-khalili-18x10.webp 18w\" sizes=\"(max-width: 872px) 100vw, 872px\" \/>\t\t\t\t\t\t\t\t\t\t\t\t\t\t\t<\/div>\n\t\t\t\t<div class=\"elementor-element elementor-element-b36d5e1 elementor-invisible elementor-widget elementor-widget-image-box\" data-id=\"b36d5e1\" data-element_type=\"widget\" data-e-type=\"widget\" data-settings=\"{&quot;_animation&quot;:&quot;fadeInDown&quot;}\" data-widget_type=\"image-box.default\">\n\t\t\t\t\t<div class=\"elementor-image-box-wrapper\"><div class=\"elementor-image-box-content\"><h4 class=\"elementor-image-box-title\"><a href=\"\/de\/khan-al-khalili\/\">Khan al-khalili<\/a><\/h4><p class=\"elementor-image-box-description\">\n<\/p><\/div><\/div>\t\t\t\t<\/div>\n\t\t\t\t<\/div>\n\t\t<div class=\"elementor-element elementor-element-9bda144 e-con-full e-flex e-con e-child\" data-id=\"9bda144\" data-element_type=\"container\" data-e-type=\"container\">\n\t\t\t\t<div class=\"elementor-element elementor-element-ffc7d54 elementor-widget elementor-widget-image\" data-id=\"ffc7d54\" data-element_type=\"widget\" data-e-type=\"widget\" data-widget_type=\"image.default\">\n\t\t\t\t\t\t\t\t\t\t\t\t\t\t\t<img loading=\"lazy\" decoding=\"async\" width=\"1024\" height=\"682\" src=\"https:\/\/goldenegypttrips.mohamedmokhtar.net\/wp-content\/uploads\/2026\/02\/Imam-Al-Hussein-Mosque-1024x682-1.jpg\" class=\"attachment-full size-full wp-image-1577\" alt=\"\" srcset=\"https:\/\/goldenegypttrips.mohamedmokhtar.net\/wp-content\/uploads\/2026\/02\/Imam-Al-Hussein-Mosque-1024x682-1.jpg 1024w, https:\/\/goldenegypttrips.mohamedmokhtar.net\/wp-content\/uploads\/2026\/02\/Imam-Al-Hussein-Mosque-1024x682-1-300x200.jpg 300w, https:\/\/goldenegypttrips.mohamedmokhtar.net\/wp-content\/uploads\/2026\/02\/Imam-Al-Hussein-Mosque-1024x682-1-768x512.jpg 768w, https:\/\/goldenegypttrips.mohamedmokhtar.net\/wp-content\/uploads\/2026\/02\/Imam-Al-Hussein-Mosque-1024x682-1-18x12.jpg 18w\" sizes=\"(max-width: 1024px) 100vw, 1024px\" \/>\t\t\t\t\t\t\t\t\t\t\t\t\t\t\t<\/div>\n\t\t\t\t<div class=\"elementor-element elementor-element-bff8cd4 elementor-invisible elementor-widget elementor-widget-image-box\" data-id=\"bff8cd4\" data-element_type=\"widget\" data-e-type=\"widget\" data-settings=\"{&quot;_animation&quot;:&quot;fadeInDown&quot;}\" data-widget_type=\"image-box.default\">\n\t\t\t\t\t<div class=\"elementor-image-box-wrapper\"><div class=\"elementor-image-box-content\"><h4 class=\"elementor-image-box-title\"><a href=\"\/de\/al-hussein\/\">al-hussein<\/a><\/h4><\/div><\/div>\t\t\t\t<\/div>\n\t\t\t\t<\/div>\n\t\t\t\t<\/div>\n\t\t\t\t<\/div>\n\t\t<div class=\"elementor-element elementor-element-9898094 e-con-full e-flex e-con e-parent\" data-id=\"9898094\" data-element_type=\"container\" data-e-type=\"container\">\n\t\t<div class=\"elementor-element elementor-element-cecf2d5 e-con-full e-flex e-con e-child\" data-id=\"cecf2d5\" data-element_type=\"container\" data-e-type=\"container\">\n\t\t<div class=\"elementor-element elementor-element-10c0075 e-con-full e-flex e-con e-child\" data-id=\"10c0075\" data-element_type=\"container\" data-e-type=\"container\">\n\t\t\t\t<div class=\"elementor-element elementor-element-51efb82 elementor-widget elementor-widget-image\" data-id=\"51efb82\" data-element_type=\"widget\" data-e-type=\"widget\" data-widget_type=\"image.default\">\n\t\t\t\t\t\t\t\t\t\t\t\t\t\t\t<img loading=\"lazy\" decoding=\"async\" width=\"740\" height=\"493\" src=\"https:\/\/goldenegypttrips.mohamedmokhtar.net\/wp-content\/uploads\/2026\/02\/djoser-pyramid-first-pyramid-erected-sahara-desert-egypt-step-pyramid-saqqara_556412-1383.jpg\" class=\"attachment-full size-full wp-image-1564\" alt=\"\" srcset=\"https:\/\/goldenegypttrips.mohamedmokhtar.net\/wp-content\/uploads\/2026\/02\/djoser-pyramid-first-pyramid-erected-sahara-desert-egypt-step-pyramid-saqqara_556412-1383.jpg 740w, https:\/\/goldenegypttrips.mohamedmokhtar.net\/wp-content\/uploads\/2026\/02\/djoser-pyramid-first-pyramid-erected-sahara-desert-egypt-step-pyramid-saqqara_556412-1383-300x200.jpg 300w, https:\/\/goldenegypttrips.mohamedmokhtar.net\/wp-content\/uploads\/2026\/02\/djoser-pyramid-first-pyramid-erected-sahara-desert-egypt-step-pyramid-saqqara_556412-1383-18x12.jpg 18w\" sizes=\"(max-width: 740px) 100vw, 740px\" \/>\t\t\t\t\t\t\t\t\t\t\t\t\t\t\t<\/div>\n\t\t\t\t<div class=\"elementor-element elementor-element-fbc399d elementor-invisible elementor-widget elementor-widget-image-box\" data-id=\"fbc399d\" data-element_type=\"widget\" data-e-type=\"widget\" data-settings=\"{&quot;_animation&quot;:&quot;fadeInDown&quot;}\" data-widget_type=\"image-box.default\">\n\t\t\t\t\t<div class=\"elementor-image-box-wrapper\"><div class=\"elementor-image-box-content\"><h4 class=\"elementor-image-box-title\"><a href=\"\/de\/saqqara\/\">Saqqara<\/a><\/h4><\/div><\/div>\t\t\t\t<\/div>\n\t\t\t\t<\/div>\n\t\t<div class=\"elementor-element elementor-element-8d34e0c e-con-full e-flex e-con e-child\" data-id=\"8d34e0c\" data-element_type=\"container\" data-e-type=\"container\">\n\t\t\t\t<div class=\"elementor-element elementor-element-6ecb023 elementor-widget elementor-widget-image\" data-id=\"6ecb023\" data-element_type=\"widget\" data-e-type=\"widget\" data-widget_type=\"image.default\">\n\t\t\t\t\t\t\t\t\t\t\t\t\t\t\t<img loading=\"lazy\" decoding=\"async\" width=\"1500\" height=\"1000\" src=\"https:\/\/goldenegypttrips.mohamedmokhtar.net\/wp-content\/uploads\/2026\/02\/Felucca-Ride-Trip-in-Aswan-with-Egypt-Tours-Group.jpg\" class=\"attachment-full size-full wp-image-1573\" alt=\"\" srcset=\"https:\/\/goldenegypttrips.mohamedmokhtar.net\/wp-content\/uploads\/2026\/02\/Felucca-Ride-Trip-in-Aswan-with-Egypt-Tours-Group.jpg 1500w, https:\/\/goldenegypttrips.mohamedmokhtar.net\/wp-content\/uploads\/2026\/02\/Felucca-Ride-Trip-in-Aswan-with-Egypt-Tours-Group-300x200.jpg 300w, https:\/\/goldenegypttrips.mohamedmokhtar.net\/wp-content\/uploads\/2026\/02\/Felucca-Ride-Trip-in-Aswan-with-Egypt-Tours-Group-1024x683.jpg 1024w, https:\/\/goldenegypttrips.mohamedmokhtar.net\/wp-content\/uploads\/2026\/02\/Felucca-Ride-Trip-in-Aswan-with-Egypt-Tours-Group-768x512.jpg 768w, https:\/\/goldenegypttrips.mohamedmokhtar.net\/wp-content\/uploads\/2026\/02\/Felucca-Ride-Trip-in-Aswan-with-Egypt-Tours-Group-18x12.jpg 18w\" sizes=\"(max-width: 1500px) 100vw, 1500px\" \/>\t\t\t\t\t\t\t\t\t\t\t\t\t\t\t<\/div>\n\t\t\t\t<div class=\"elementor-element elementor-element-7ce1a90 elementor-invisible elementor-widget elementor-widget-image-box\" data-id=\"7ce1a90\" data-element_type=\"widget\" data-e-type=\"widget\" data-settings=\"{&quot;_animation&quot;:&quot;fadeInDown&quot;}\" data-widget_type=\"image-box.default\">\n\t\t\t\t\t<div class=\"elementor-image-box-wrapper\"><div class=\"elementor-image-box-content\"><h4 class=\"elementor-image-box-title\"><a href=\"\/de\/felucca-hot-air-balloon\/\">felucca &amp; hot air balloon<\/a><\/h4><\/div><\/div>\t\t\t\t<\/div>\n\t\t\t\t<\/div>\n\t\t\t\t<\/div>\n\t\t\t\t<\/div>\n\t\t<div class=\"elementor-element elementor-element-7b29d72 e-con-full e-flex e-con e-parent\" data-id=\"7b29d72\" data-element_type=\"container\" data-e-type=\"container\">\n\t\t<div class=\"elementor-element elementor-element-e6162ff e-con-full e-flex e-con e-child\" data-id=\"e6162ff\" data-element_type=\"container\" data-e-type=\"container\">\n\t\t<div class=\"elementor-element elementor-element-a9a62d8 e-con-full e-flex e-con e-child\" data-id=\"a9a62d8\" data-element_type=\"container\" data-e-type=\"container\">\n\t\t\t\t<div class=\"elementor-element elementor-element-d563e02 elementor-widget elementor-widget-image\" data-id=\"d563e02\" data-element_type=\"widget\" data-e-type=\"widget\" data-widget_type=\"image.default\">\n\t\t\t\t\t\t\t\t\t\t\t\t\t\t\t<img loading=\"lazy\" decoding=\"async\" width=\"900\" height=\"600\" src=\"https:\/\/goldenegypttrips.mohamedmokhtar.net\/wp-content\/uploads\/2026\/02\/Sharm-El-Sheikh.jpg\" class=\"attachment-full size-full wp-image-1571\" alt=\"\" srcset=\"https:\/\/goldenegypttrips.mohamedmokhtar.net\/wp-content\/uploads\/2026\/02\/Sharm-El-Sheikh.jpg 900w, https:\/\/goldenegypttrips.mohamedmokhtar.net\/wp-content\/uploads\/2026\/02\/Sharm-El-Sheikh-300x200.jpg 300w, https:\/\/goldenegypttrips.mohamedmokhtar.net\/wp-content\/uploads\/2026\/02\/Sharm-El-Sheikh-768x512.jpg 768w, https:\/\/goldenegypttrips.mohamedmokhtar.net\/wp-content\/uploads\/2026\/02\/Sharm-El-Sheikh-18x12.jpg 18w\" sizes=\"(max-width: 900px) 100vw, 900px\" \/>\t\t\t\t\t\t\t\t\t\t\t\t\t\t\t<\/div>\n\t\t\t\t<div class=\"elementor-element elementor-element-c41871d elementor-invisible elementor-widget elementor-widget-image-box\" data-id=\"c41871d\" data-element_type=\"widget\" data-e-type=\"widget\" data-settings=\"{&quot;_animation&quot;:&quot;fadeInDown&quot;}\" data-widget_type=\"image-box.default\">\n\t\t\t\t\t<div class=\"elementor-image-box-wrapper\"><div class=\"elementor-image-box-content\"><h4 class=\"elementor-image-box-title\"><a href=\"\/de\/diving\/\">Tauchen<\/a><\/h4><\/div><\/div>\t\t\t\t<\/div>\n\t\t\t\t<\/div>\n\t\t<div class=\"elementor-element elementor-element-58e6a32 e-con-full e-flex e-con e-child\" data-id=\"58e6a32\" data-element_type=\"container\" data-e-type=\"container\">\n\t\t\t\t<div class=\"elementor-element elementor-element-996017f elementor-widget elementor-widget-image\" data-id=\"996017f\" data-element_type=\"widget\" data-e-type=\"widget\" data-widget_type=\"image.default\">\n\t\t\t\t\t\t\t\t\t\t\t\t\t\t\t<img loading=\"lazy\" decoding=\"async\" width=\"650\" height=\"434\" src=\"https:\/\/goldenegypttrips.mohamedmokhtar.net\/wp-content\/uploads\/2026\/02\/home-gallery-07.webp\" class=\"attachment-full size-full wp-image-1569\" alt=\"\" srcset=\"https:\/\/goldenegypttrips.mohamedmokhtar.net\/wp-content\/uploads\/2026\/02\/home-gallery-07.webp 650w, https:\/\/goldenegypttrips.mohamedmokhtar.net\/wp-content\/uploads\/2026\/02\/home-gallery-07-300x200.webp 300w, https:\/\/goldenegypttrips.mohamedmokhtar.net\/wp-content\/uploads\/2026\/02\/home-gallery-07-18x12.webp 18w\" sizes=\"(max-width: 650px) 100vw, 650px\" \/>\t\t\t\t\t\t\t\t\t\t\t\t\t\t\t<\/div>\n\t\t\t\t<div class=\"elementor-element elementor-element-1d6211a elementor-invisible elementor-widget elementor-widget-image-box\" data-id=\"1d6211a\" data-element_type=\"widget\" data-e-type=\"widget\" data-settings=\"{&quot;_animation&quot;:&quot;fadeInDown&quot;}\" data-widget_type=\"image-box.default\">\n\t\t\t\t\t<div class=\"elementor-image-box-wrapper\"><div class=\"elementor-image-box-content\"><h4 class=\"elementor-image-box-title\"><a href=\"\/de\/safari\/\">Safari<\/a><\/h4><\/div><\/div>\t\t\t\t<\/div>\n\t\t\t\t<\/div>\n\t\t\t\t<\/div>\n\t\t\t\t<\/div>\n\t\t<div class=\"elementor-element elementor-element-61b6c44 e-con-full e-flex e-con e-parent\" data-id=\"61b6c44\" data-element_type=\"container\" data-e-type=\"container\">\n\t\t<div class=\"elementor-element elementor-element-5f3b41d e-con-full e-flex e-con e-child\" data-id=\"5f3b41d\" data-element_type=\"container\" data-e-type=\"container\">\n\t\t<div class=\"elementor-element elementor-element-e29d79c e-con-full e-flex e-con e-child\" data-id=\"e29d79c\" data-element_type=\"container\" data-e-type=\"container\">\n\t\t\t\t<div class=\"elementor-element elementor-element-0cf8767 elementor-widget elementor-widget-image\" data-id=\"0cf8767\" data-element_type=\"widget\" data-e-type=\"widget\" data-widget_type=\"image.default\">\n\t\t\t\t\t\t\t\t\t\t\t\t\t\t\t<img loading=\"lazy\" decoding=\"async\" width=\"675\" height=\"554\" src=\"https:\/\/goldenegypttrips.mohamedmokhtar.net\/wp-content\/uploads\/2026\/02\/6832023d7bd6253426598aceefbf9bd5-2851-cairo-004-cairo_-cairo-day-tours-01.avif\" class=\"attachment-full size-full wp-image-1718\" alt=\"\" srcset=\"https:\/\/goldenegypttrips.mohamedmokhtar.net\/wp-content\/uploads\/2026\/02\/6832023d7bd6253426598aceefbf9bd5-2851-cairo-004-cairo_-cairo-day-tours-01.avif 675w, https:\/\/goldenegypttrips.mohamedmokhtar.net\/wp-content\/uploads\/2026\/02\/6832023d7bd6253426598aceefbf9bd5-2851-cairo-004-cairo_-cairo-day-tours-01-300x246.avif 300w, https:\/\/goldenegypttrips.mohamedmokhtar.net\/wp-content\/uploads\/2026\/02\/6832023d7bd6253426598aceefbf9bd5-2851-cairo-004-cairo_-cairo-day-tours-01-15x12.avif 15w\" sizes=\"(max-width: 675px) 100vw, 675px\" \/>\t\t\t\t\t\t\t\t\t\t\t\t\t\t\t<\/div>\n\t\t\t\t<div class=\"elementor-element elementor-element-6c81d48 elementor-invisible elementor-widget elementor-widget-image-box\" data-id=\"6c81d48\" data-element_type=\"widget\" data-e-type=\"widget\" data-settings=\"{&quot;_animation&quot;:&quot;fadeInDown&quot;}\" data-widget_type=\"image-box.default\">\n\t\t\t\t\t<div class=\"elementor-image-box-wrapper\"><div class=\"elementor-image-box-content\"><h4 class=\"elementor-image-box-title\"><a href=\"\/de\/cairo-tours\/\">Cairo Tours<\/a><\/h4><\/div><\/div>\t\t\t\t<\/div>\n\t\t\t\t<\/div>\n\t\t<div class=\"elementor-element elementor-element-3f55ec3 e-con-full elementor-hidden-desktop elementor-hidden-tablet elementor-hidden-mobile e-flex e-con e-child\" data-id=\"3f55ec3\" data-element_type=\"container\" data-e-type=\"container\">\n\t\t\t\t<div class=\"elementor-element elementor-element-cf654a0 elementor-widget elementor-widget-image\" data-id=\"cf654a0\" data-element_type=\"widget\" data-e-type=\"widget\" data-widget_type=\"image.default\">\n\t\t\t\t\t\t\t\t\t\t\t\t\t\t\t<img loading=\"lazy\" decoding=\"async\" width=\"612\" height=\"408\" src=\"https:\/\/goldenegypttrips.mohamedmokhtar.net\/wp-content\/uploads\/2026\/02\/istockphoto-1078451856-612x612-1.jpg\" class=\"attachment-full size-full wp-image-1197\" alt=\"\" srcset=\"https:\/\/goldenegypttrips.mohamedmokhtar.net\/wp-content\/uploads\/2026\/02\/istockphoto-1078451856-612x612-1.jpg 612w, https:\/\/goldenegypttrips.mohamedmokhtar.net\/wp-content\/uploads\/2026\/02\/istockphoto-1078451856-612x612-1-300x200.jpg 300w, https:\/\/goldenegypttrips.mohamedmokhtar.net\/wp-content\/uploads\/2026\/02\/istockphoto-1078451856-612x612-1-18x12.jpg 18w\" sizes=\"(max-width: 612px) 100vw, 612px\" \/>\t\t\t\t\t\t\t\t\t\t\t\t\t\t\t<\/div>\n\t\t\t\t<div class=\"elementor-element elementor-element-b6dd0ba elementor-invisible elementor-widget elementor-widget-image-box\" data-id=\"b6dd0ba\" data-element_type=\"widget\" data-e-type=\"widget\" data-settings=\"{&quot;_animation&quot;:&quot;fadeInDown&quot;}\" data-widget_type=\"image-box.default\">\n\t\t\t\t\t<div class=\"elementor-image-box-wrapper\"><div class=\"elementor-image-box-content\"><h4 class=\"elementor-image-box-title\"><a href=\"\/de\/wreck-tank-diving\/\">Wreck &amp; Tank Diving<\/a><\/h4><p class=\"elementor-image-box-description\">Red Sea Wreck &amp; Tank Diving Adventure \u2013 Hurghada\n\nDive into History \u2013 Explore Sunken Ships &amp; Tanks in the Red Sea!\n\nDiscover one of Hurghada\u2019s most thrilling underwater experiences! Dive into the\nRed Sea\u2019s crystal-clear waters and explore mysterious sunken ships, military\ntanks, and colorful reefs teeming with marine life.<\/p><\/div><\/div>\t\t\t\t<\/div>\n\t\t\t\t<\/div>\n\t\t\t\t<\/div>\n\t\t\t\t<\/div>\n\t\t\t\t<\/div>","protected":false},"excerpt":{"rendered":"<p>Our Trips Professional guides. Pristine dive sites. Small groups. All equipment included. the pyramids and the sphinx Egyptian museum Khan al-khalili al-hussein Saqqara felucca &amp; hot air balloon Diving Safari Cairo Tours Wreck &amp; Tank Diving Red Sea Wreck &amp; Tank Diving Adventure \u2013 Hurghada Dive into History \u2013 Explore Sunken Ships &amp; Tanks in [&hellip;]<\/p>\n","protected":false},"author":1,"featured_media":0,"parent":0,"menu_order":0,"comment_status":"closed","ping_status":"closed","template":"elementor_header_footer","meta":{"_glsr_average":0,"_glsr_ranking":0,"_glsr_reviews":0,"footnotes":""},"class_list":["post-648","page","type-page","status-publish","hentry"],"blocksy_meta":[],"_links":{"self":[{"href":"https:\/\/goldenegypttrips.mohamedmokhtar.net\/de\/wp-json\/wp\/v2\/pages\/648","targetHints":{"allow":["GET"]}}],"collection":[{"href":"https:\/\/goldenegypttrips.mohamedmokhtar.net\/de\/wp-json\/wp\/v2\/pages"}],"about":[{"href":"https:\/\/goldenegypttrips.mohamedmokhtar.net\/de\/wp-json\/wp\/v2\/types\/page"}],"author":[{"embeddable":true,"href":"https:\/\/goldenegypttrips.mohamedmokhtar.net\/de\/wp-json\/wp\/v2\/users\/1"}],"replies":[{"embeddable":true,"href":"https:\/\/goldenegypttrips.mohamedmokhtar.net\/de\/wp-json\/wp\/v2\/comments?post=648"}],"version-history":[{"count":85,"href":"https:\/\/goldenegypttrips.mohamedmokhtar.net\/de\/wp-json\/wp\/v2\/pages\/648\/revisions"}],"predecessor-version":[{"id":1724,"href":"https:\/\/goldenegypttrips.mohamedmokhtar.net\/de\/wp-json\/wp\/v2\/pages\/648\/revisions\/1724"}],"wp:attachment":[{"href":"https:\/\/goldenegypttrips.mohamedmokhtar.net\/de\/wp-json\/wp\/v2\/media?parent=648"}],"curies":[{"name":"wp","href":"https:\/\/api.w.org\/{rel}","templated":true}]}}